{"id":1597,"date":"2015-02-03T20:14:10","date_gmt":"2015-02-03T20:14:10","guid":{"rendered":"http:\/\/avada.theme-fusion.com_demos\/hotel\/?page_id=7"},"modified":"2025-02-25T16:09:05","modified_gmt":"2025-02-25T15:09:05","slug":"tarif-chambres","status":"publish","type":"page","link":"https:\/\/www.chateau-de-pougy.com\/wp\/tarif-chambres\/","title":{"rendered":"Tarifs"},"content":{"rendered":"<p><div class=\"fusion-fullwidth fullwidth-box fusion-builder-row-1 nonhundred-percent-fullwidth non-hundred-percent-height-scrolling\" style=\"--awb-background-position:left top;--awb-border-sizes-top:0px;--awb-border-sizes-bottom:0px;--awb-border-sizes-left:0px;--awb-border-sizes-right:0px;--awb-border-radius-top-left:0px;--awb-border-radius-top-right:0px;--awb-border-radius-bottom-right:0px;--awb-border-radius-bottom-left:0px;--awb-padding-top:0px;--awb-padding-bottom:5px;--awb-flex-wrap:wrap;\" ><div class=\"fusion-builder-row fusion-row\"><div class=\"fusion-layout-column fusion_builder_column fusion-builder-column-0 fusion_builder_column_1_1 1_1 fusion-one-full fusion-column-first fusion-column-last fusion-column-no-min-height\" style=\"--awb-bg-size:cover;--awb-margin-bottom:0px;\"><div class=\"fusion-column-wrapper fusion-flex-column-wrapper-legacy\"><div class=\"fusion-text fusion-text-1\"><p>Les chambres sont disponibles \u00e0 partir de 16h30 et doivent \u00eatre lib\u00e9r\u00e9es pour 11h.<br \/>\nLe petit d\u00e9jeuner est inclus dans le prix.<br \/>\nNous acceptons les r\u00e8glement par <strong>CB, ch\u00e8que et esp\u00e8ce<\/strong>.<\/p>\n<\/div><div class=\"fusion-clearfix\"><\/div><\/div><\/div><\/div><\/div><div class=\"fusion-fullwidth fullwidth-box fusion-builder-row-2 nonhundred-percent-fullwidth non-hundred-percent-height-scrolling\" style=\"--awb-background-position:left top;--awb-border-sizes-top:0px;--awb-border-sizes-bottom:0px;--awb-border-sizes-left:0px;--awb-border-sizes-right:0px;--awb-border-radius-top-left:0px;--awb-border-radius-top-right:0px;--awb-border-radius-bottom-right:0px;--awb-border-radius-bottom-left:0px;--awb-padding-top:0px;--awb-padding-bottom:35px;--awb-flex-wrap:wrap;\" ><div class=\"fusion-builder-row fusion-row\"><div class=\"fusion-layout-column fusion_builder_column fusion-builder-column-1 fusion_builder_column_1_2 1_2 fusion-one-half fusion-column-first\" style=\"--awb-padding-top:40px;--awb-padding-right:40px;--awb-padding-left:40px;--awb-bg-color:#ffffff;--awb-bg-color-hover:#ffffff;--awb-bg-image:url(&#039;http:\/\/chateau-de-pougy.com\/wp\/wp-content\/uploads\/2017\/01\/agapanthe-1024x768.jpg&#039;);--awb-bg-position:center top;--awb-bg-size:cover;width:48%; margin-right: 4%;\"><div class=\"fusion-column-wrapper fusion-flex-column-wrapper-legacy fusion-column-has-bg-image\" data-bg-url=\"http:\/\/chateau-de-pougy.com\/wp\/wp-content\/uploads\/2017\/01\/agapanthe-1024x768.jpg\"><div class=\"fusion-content-boxes content-boxes columns row fusion-columns-1 fusion-columns-total-1 fusion-content-boxes-1 content-boxes-clean-horizontal content-left content-boxes-icon-on-side\" style=\"--awb-margin-bottom:0px;--awb-hover-accent-color:#cbaa5c;--awb-circle-hover-accent-color:#cbaa5c;--awb-item-margin-bottom:40px;\" data-animationOffset=\"top-into-view\"><div style=\"--awb-backgroundcolor:#ffffff;border-color:rgba(255,255,255,0);\" class=\"fusion-column content-box-column content-box-column content-box-column-1 col-lg-12 col-md-12 col-sm-12 fusion-content-box-hover content-box-column-last content-box-column-last-in-row\"><div class=\"col content-box-wrapper content-wrapper-background link-area-box link-type-text icon-hover-animation-pulsate\" data-link=\"http:\/\/www.chateau-de-pougy.com\/wp\/agapanthe\/\" data-link-target=\"_self\" data-animationOffset=\"top-into-view\"><div class=\"heading icon-left\"><a class=\"heading-link\" href=\"http:\/\/www.chateau-de-pougy.com\/wp\/agapanthe\/\" target=\"_self\"><h2 class=\"content-box-heading fusion-responsive-typography-calculated\" style=\"--h2_typography-font-size:24px;--fontSize:24;line-height:1.69;\">AGAPANTHE <\/h2><\/a><\/div><div class=\"fusion-clearfix\"><\/div><div class=\"content-container\">\n<p>Pour une personne = 90\u20ac<\/p>\n<p>Pour deux personnes = 100\u20ac<\/p>\n<\/div><\/div><\/div><div class=\"fusion-clearfix\"><\/div><\/div><div class=\"fusion-clearfix\"><\/div><\/div><\/div><div class=\"fusion-layout-column fusion_builder_column fusion-builder-column-2 fusion_builder_column_1_2 1_2 fusion-one-half fusion-column-last\" style=\"--awb-padding-top:40px;--awb-padding-right:40px;--awb-padding-left:40px;--awb-bg-color:#ffffff;--awb-bg-color-hover:#ffffff;--awb-bg-image:url(&#039;http:\/\/chateau-de-pougy.com\/wp\/wp-content\/uploads\/2017\/01\/larose_1-1024x768.jpg&#039;);--awb-bg-position:center top;--awb-bg-size:cover;width:48%;\"><div class=\"fusion-column-wrapper fusion-flex-column-wrapper-legacy fusion-column-has-bg-image\" data-bg-url=\"http:\/\/chateau-de-pougy.com\/wp\/wp-content\/uploads\/2017\/01\/larose_1-1024x768.jpg\"><div class=\"fusion-content-boxes content-boxes columns row fusion-columns-1 fusion-columns-total-1 fusion-content-boxes-2 content-boxes-icon-on-top content-left\" style=\"--awb-margin-bottom:0px;--awb-hover-accent-color:#cbaa5c;--awb-circle-hover-accent-color:#cbaa5c;--awb-item-margin-bottom:40px;\" data-animationOffset=\"top-into-view\"><div style=\"--awb-backgroundcolor:#ffffff;\" class=\"fusion-column content-box-column content-box-column content-box-column-1 col-lg-12 col-md-12 col-sm-12 fusion-content-box-hover content-box-column-last content-box-column-last-in-row\"><div class=\"col content-box-wrapper content-wrapper-background link-area-box link-type-text icon-hover-animation-pulsate\" data-link=\"http:\/\/www.chateau-de-pougy.com\/wp\/rose\/\" data-link-target=\"_self\" data-animationOffset=\"top-into-view\"><div class=\"heading icon-left\"><a class=\"heading-link\" href=\"http:\/\/www.chateau-de-pougy.com\/wp\/rose\/\" target=\"_self\"><h2 class=\"content-box-heading fusion-responsive-typography-calculated\" style=\"--h2_typography-font-size:24px;--fontSize:24;line-height:1.69;\">LA ROSE<\/h2><\/a><\/div><div class=\"fusion-clearfix\"><\/div><div class=\"content-container\">\n<p>Pour une personne = 90\u20ac<\/p>\n<p>Pour deux personnes = 100\u20ac<\/p>\n<p>Pour trois personnes = 110\u20ac<\/p>\n<\/div><\/div><\/div><div class=\"fusion-clearfix\"><\/div><\/div><div class=\"fusion-clearfix\"><\/div><\/div><\/div><\/div><\/div><div class=\"fusion-fullwidth fullwidth-box fusion-builder-row-3 nonhundred-percent-fullwidth non-hundred-percent-height-scrolling\" style=\"--awb-background-position:left top;--awb-border-sizes-top:0px;--awb-border-sizes-bottom:0px;--awb-border-sizes-left:0px;--awb-border-sizes-right:0px;--awb-border-radius-top-left:0px;--awb-border-radius-top-right:0px;--awb-border-radius-bottom-right:0px;--awb-border-radius-bottom-left:0px;--awb-padding-top:0px;--awb-padding-bottom:5px;--awb-flex-wrap:wrap;\" ><div class=\"fusion-builder-row fusion-row\"><div class=\"fusion-layout-column fusion_builder_column fusion-builder-column-3 fusion_builder_column_1_1 1_1 fusion-one-full fusion-column-first fusion-column-last fusion-column-no-min-height\" style=\"--awb-bg-size:cover;--awb-margin-bottom:0px;\"><div class=\"fusion-column-wrapper fusion-flex-column-wrapper-legacy\"><div class=\"fusion-clearfix\"><\/div><\/div><\/div><\/div><\/div><\/p>\n","protected":false},"excerpt":{"rendered":"","protected":false},"author":1,"featured_media":0,"parent":0,"menu_order":0,"comment_status":"open","ping_status":"open","template":"100-width.php","meta":{"footnotes":""},"class_list":["post-1597","page","type-page","status-publish","hentry"],"yoast_head":"<!-- This site is optimized with the Yoast SEO plugin v27.3 - https:\/\/yoast.com\/product\/yoast-seo-wordpress\/ -->\n<title>Tarif des chambres d&#039;h\u00f4tes ch\u00e2teau de Pougy dans l&#039;Aube pr\u00e8s de Troyes<\/title>\n<meta name=\"description\" content=\"Le ch\u00e2teau de Pougy propose ses chambres d&#039;h\u00f4te \u00e0 c\u00f4t\u00e9 de Troyes et \u00e0 moins de 2H de Paris. Les tarifs de chambres de 2 \u00e0 4 personnes.\" \/>\n<meta name=\"robots\" content=\"index, follow, max-snippet:-1, max-image-preview:large, max-video-preview:-1\" \/>\n<link rel=\"canonical\" href=\"https:\/\/www.chateau-de-pougy.com\/wp\/tarif-chambres\/\" \/>\n<meta property=\"og:locale\" content=\"fr_FR\" \/>\n<meta property=\"og:type\" content=\"article\" \/>\n<meta property=\"og:title\" content=\"Tarif des chambres d&#039;h\u00f4tes ch\u00e2teau de Pougy dans l&#039;Aube pr\u00e8s de Troyes\" \/>\n<meta property=\"og:description\" content=\"Le ch\u00e2teau de Pougy propose ses chambres d&#039;h\u00f4te \u00e0 c\u00f4t\u00e9 de Troyes et \u00e0 moins de 2H de Paris. Les tarifs de chambres de 2 \u00e0 4 personnes.\" \/>\n<meta property=\"og:url\" content=\"https:\/\/www.chateau-de-pougy.com\/wp\/tarif-chambres\/\" \/>\n<meta property=\"og:site_name\" content=\"Ch\u00e2teau de Pougy\" \/>\n<meta property=\"article:publisher\" content=\"https:\/\/www.facebook.com\/chateaudepougy?pnref=story\" \/>\n<meta property=\"article:modified_time\" content=\"2025-02-25T15:09:05+00:00\" \/>\n<meta name=\"twitter:card\" content=\"summary_large_image\" \/>\n<meta name=\"twitter:label1\" content=\"Dur\u00e9e de lecture estim\u00e9e\" \/>\n\t<meta name=\"twitter:data1\" content=\"1 minute\" \/>\n<script type=\"application\/ld+json\" class=\"yoast-schema-graph\">{\"@context\":\"https:\\\/\\\/schema.org\",\"@graph\":[{\"@type\":\"WebPage\",\"@id\":\"https:\\\/\\\/www.chateau-de-pougy.com\\\/wp\\\/tarif-chambres\\\/\",\"url\":\"https:\\\/\\\/www.chateau-de-pougy.com\\\/wp\\\/tarif-chambres\\\/\",\"name\":\"Tarif des chambres d'h\u00f4tes ch\u00e2teau de Pougy dans l'Aube pr\u00e8s de Troyes\",\"isPartOf\":{\"@id\":\"https:\\\/\\\/www.chateau-de-pougy.com\\\/wp\\\/#website\"},\"datePublished\":\"2015-02-03T20:14:10+00:00\",\"dateModified\":\"2025-02-25T15:09:05+00:00\",\"description\":\"Le ch\u00e2teau de Pougy propose ses chambres d'h\u00f4te \u00e0 c\u00f4t\u00e9 de Troyes et \u00e0 moins de 2H de Paris. Les tarifs de chambres de 2 \u00e0 4 personnes.\",\"breadcrumb\":{\"@id\":\"https:\\\/\\\/www.chateau-de-pougy.com\\\/wp\\\/tarif-chambres\\\/#breadcrumb\"},\"inLanguage\":\"fr-FR\",\"potentialAction\":[{\"@type\":\"ReadAction\",\"target\":[\"https:\\\/\\\/www.chateau-de-pougy.com\\\/wp\\\/tarif-chambres\\\/\"]}]},{\"@type\":\"BreadcrumbList\",\"@id\":\"https:\\\/\\\/www.chateau-de-pougy.com\\\/wp\\\/tarif-chambres\\\/#breadcrumb\",\"itemListElement\":[{\"@type\":\"ListItem\",\"position\":1,\"name\":\"Accueil\",\"item\":\"https:\\\/\\\/www.chateau-de-pougy.com\\\/wp\\\/\"},{\"@type\":\"ListItem\",\"position\":2,\"name\":\"Tarifs\"}]},{\"@type\":\"WebSite\",\"@id\":\"https:\\\/\\\/www.chateau-de-pougy.com\\\/wp\\\/#website\",\"url\":\"https:\\\/\\\/www.chateau-de-pougy.com\\\/wp\\\/\",\"name\":\"Ch\u00e2teau de Pougy\",\"description\":\"Chambres d&#039;h\u00f4tes dans l&#039;Aube\",\"potentialAction\":[{\"@type\":\"SearchAction\",\"target\":{\"@type\":\"EntryPoint\",\"urlTemplate\":\"https:\\\/\\\/www.chateau-de-pougy.com\\\/wp\\\/?s={search_term_string}\"},\"query-input\":{\"@type\":\"PropertyValueSpecification\",\"valueRequired\":true,\"valueName\":\"search_term_string\"}}],\"inLanguage\":\"fr-FR\"}]}<\/script>\n<!-- \/ Yoast SEO plugin. -->","yoast_head_json":{"title":"Tarif des chambres d'h\u00f4tes ch\u00e2teau de Pougy dans l'Aube pr\u00e8s de Troyes","description":"Le ch\u00e2teau de Pougy propose ses chambres d'h\u00f4te \u00e0 c\u00f4t\u00e9 de Troyes et \u00e0 moins de 2H de Paris. Les tarifs de chambres de 2 \u00e0 4 personnes.","robots":{"index":"index","follow":"follow","max-snippet":"max-snippet:-1","max-image-preview":"max-image-preview:large","max-video-preview":"max-video-preview:-1"},"canonical":"https:\/\/www.chateau-de-pougy.com\/wp\/tarif-chambres\/","og_locale":"fr_FR","og_type":"article","og_title":"Tarif des chambres d'h\u00f4tes ch\u00e2teau de Pougy dans l'Aube pr\u00e8s de Troyes","og_description":"Le ch\u00e2teau de Pougy propose ses chambres d'h\u00f4te \u00e0 c\u00f4t\u00e9 de Troyes et \u00e0 moins de 2H de Paris. Les tarifs de chambres de 2 \u00e0 4 personnes.","og_url":"https:\/\/www.chateau-de-pougy.com\/wp\/tarif-chambres\/","og_site_name":"Ch\u00e2teau de Pougy","article_publisher":"https:\/\/www.facebook.com\/chateaudepougy?pnref=story","article_modified_time":"2025-02-25T15:09:05+00:00","twitter_card":"summary_large_image","twitter_misc":{"Dur\u00e9e de lecture estim\u00e9e":"1 minute"},"schema":{"@context":"https:\/\/schema.org","@graph":[{"@type":"WebPage","@id":"https:\/\/www.chateau-de-pougy.com\/wp\/tarif-chambres\/","url":"https:\/\/www.chateau-de-pougy.com\/wp\/tarif-chambres\/","name":"Tarif des chambres d'h\u00f4tes ch\u00e2teau de Pougy dans l'Aube pr\u00e8s de Troyes","isPartOf":{"@id":"https:\/\/www.chateau-de-pougy.com\/wp\/#website"},"datePublished":"2015-02-03T20:14:10+00:00","dateModified":"2025-02-25T15:09:05+00:00","description":"Le ch\u00e2teau de Pougy propose ses chambres d'h\u00f4te \u00e0 c\u00f4t\u00e9 de Troyes et \u00e0 moins de 2H de Paris. Les tarifs de chambres de 2 \u00e0 4 personnes.","breadcrumb":{"@id":"https:\/\/www.chateau-de-pougy.com\/wp\/tarif-chambres\/#breadcrumb"},"inLanguage":"fr-FR","potentialAction":[{"@type":"ReadAction","target":["https:\/\/www.chateau-de-pougy.com\/wp\/tarif-chambres\/"]}]},{"@type":"BreadcrumbList","@id":"https:\/\/www.chateau-de-pougy.com\/wp\/tarif-chambres\/#breadcrumb","itemListElement":[{"@type":"ListItem","position":1,"name":"Accueil","item":"https:\/\/www.chateau-de-pougy.com\/wp\/"},{"@type":"ListItem","position":2,"name":"Tarifs"}]},{"@type":"WebSite","@id":"https:\/\/www.chateau-de-pougy.com\/wp\/#website","url":"https:\/\/www.chateau-de-pougy.com\/wp\/","name":"Ch\u00e2teau de Pougy","description":"Chambres d&#039;h\u00f4tes dans l&#039;Aube","potentialAction":[{"@type":"SearchAction","target":{"@type":"EntryPoint","urlTemplate":"https:\/\/www.chateau-de-pougy.com\/wp\/?s={search_term_string}"},"query-input":{"@type":"PropertyValueSpecification","valueRequired":true,"valueName":"search_term_string"}}],"inLanguage":"fr-FR"}]}},"_links":{"self":[{"href":"https:\/\/www.chateau-de-pougy.com\/wp\/wp-json\/wp\/v2\/pages\/1597","targetHints":{"allow":["GET"]}}],"collection":[{"href":"https:\/\/www.chateau-de-pougy.com\/wp\/wp-json\/wp\/v2\/pages"}],"about":[{"href":"https:\/\/www.chateau-de-pougy.com\/wp\/wp-json\/wp\/v2\/types\/page"}],"author":[{"embeddable":true,"href":"https:\/\/www.chateau-de-pougy.com\/wp\/wp-json\/wp\/v2\/users\/1"}],"replies":[{"embeddable":true,"href":"https:\/\/www.chateau-de-pougy.com\/wp\/wp-json\/wp\/v2\/comments?post=1597"}],"version-history":[{"count":36,"href":"https:\/\/www.chateau-de-pougy.com\/wp\/wp-json\/wp\/v2\/pages\/1597\/revisions"}],"predecessor-version":[{"id":1984,"href":"https:\/\/www.chateau-de-pougy.com\/wp\/wp-json\/wp\/v2\/pages\/1597\/revisions\/1984"}],"wp:attachment":[{"href":"https:\/\/www.chateau-de-pougy.com\/wp\/wp-json\/wp\/v2\/media?parent=1597"}],"curies":[{"name":"wp","href":"https:\/\/api.w.org\/{rel}","templated":true}]}}